{"id":1408,"date":"2025-11-10T14:46:07","date_gmt":"2025-11-10T14:46:07","guid":{"rendered":"https:\/\/mesbisous.com\/personal-data-protection\/"},"modified":"2026-04-14T20:33:13","modified_gmt":"2026-04-14T20:33:13","slug":"kisisel-verilerin-korunmasi-ve-gizlilik-politikasi","status":"publish","type":"page","link":"https:\/\/mesbisous.com\/tr\/kisisel-verilerin-korunmasi-ve-gizlilik-politikasi\/","title":{"rendered":"Ki\u015fisel Verilerin Korunmas\u0131 ve Gizlilik Politikas\u0131"},"content":{"rendered":"","protected":false},"excerpt":{"rendered":"","protected":false},"author":1,"featured_media":-1,"parent":0,"menu_order":0,"comment_status":"closed","ping_status":"closed","template":"","meta":{"footnotes":""},"class_list":["post-1408","page","type-page","status-publish","has-post-thumbnail","hentry"],"_links":{"self":[{"href":"https:\/\/mesbisous.com\/tr\/wp-json\/wp\/v2\/pages\/1408","targetHints":{"allow":["GET"]}}],"collection":[{"href":"https:\/\/mesbisous.com\/tr\/wp-json\/wp\/v2\/pages"}],"about":[{"href":"https:\/\/mesbisous.com\/tr\/wp-json\/wp\/v2\/types\/page"}],"author":[{"embeddable":true,"href":"https:\/\/mesbisous.com\/tr\/wp-json\/wp\/v2\/users\/1"}],"replies":[{"embeddable":true,"href":"https:\/\/mesbisous.com\/tr\/wp-json\/wp\/v2\/comments?post=1408"}],"version-history":[{"count":1,"href":"https:\/\/mesbisous.com\/tr\/wp-json\/wp\/v2\/pages\/1408\/revisions"}],"predecessor-version":[{"id":1409,"href":"https:\/\/mesbisous.com\/tr\/wp-json\/wp\/v2\/pages\/1408\/revisions\/1409"}],"wp:featuredmedia":[{"embeddable":true,"href":"https:\/\/mesbisous.com\/tr\/wp-json\/"}],"wp:attachment":[{"href":"https:\/\/mesbisous.com\/tr\/wp-json\/wp\/v2\/media?parent=1408"}],"curies":[{"name":"wp","href":"https:\/\/api.w.org\/{rel}","templated":true}]}}