{"id":1448,"date":"2025-11-13T12:01:59","date_gmt":"2025-11-13T09:01:59","guid":{"rendered":"https:\/\/mesbisous.com\/product\/tobacco-flirting-with-vanilla\/"},"modified":"2026-04-17T11:11:41","modified_gmt":"2026-04-17T11:11:41","slug":"tobacco-flirting-with-vanilla","status":"publish","type":"product","link":"https:\/\/mesbisous.com\/tr\/urun\/tobacco-flirting-with-vanilla\/","title":{"rendered":"Tobacco Flirting With Vanilla"},"content":{"rendered":"","protected":false},"excerpt":{"rendered":"<p><strong>EXTRAIT DE PARFUM <\/strong><\/p>\n<p>&#8220;Konu\u015f benimle dumanl\u0131 dumanl\u0131!&#8221; dedi kad\u0131n,<br \/>\nadam\u0131n t\u00fct\u00fcn kokan dudaklar\u0131<br \/>\nve kad\u0131n\u0131n vanilya ruhu<br \/>\nbirbirine kar\u0131\u015f\u0131rken&#8230;<\/p>\n<p><strong>Notalar:<\/strong><\/p>\n<p><strong>\u00dcst Nota: <\/strong>Bergamot, Kiraz<br \/>\n<strong>Kalp Nota: <\/strong>Leylak, Tar\u00e7\u0131n<br \/>\n<strong>Alt Nota:<\/strong> Vanilya, T\u00fct\u00fcn, Vetiver<\/p>\n","protected":false},"featured_media":1450,"template":"","meta":[],"product_brand":[],"product_cat":[170],"product_tag":[],"class_list":{"0":"post-1448","1":"product","2":"type-product","3":"status-publish","4":"has-post-thumbnail","6":"product_cat-mes-bisous","7":"pa_size-100-ml","8":"pa_size-50-ml","10":"first","11":"instock","12":"shipping-taxable","13":"purchasable","14":"product-type-variable","15":"has-default-attributes"},"_links":{"self":[{"href":"https:\/\/mesbisous.com\/tr\/wp-json\/wp\/v2\/product\/1448","targetHints":{"allow":["GET"]}}],"collection":[{"href":"https:\/\/mesbisous.com\/tr\/wp-json\/wp\/v2\/product"}],"about":[{"href":"https:\/\/mesbisous.com\/tr\/wp-json\/wp\/v2\/types\/product"}],"wp:featuredmedia":[{"embeddable":true,"href":"https:\/\/mesbisous.com\/tr\/wp-json\/wp\/v2\/media\/1450"}],"wp:attachment":[{"href":"https:\/\/mesbisous.com\/tr\/wp-json\/wp\/v2\/media?parent=1448"}],"wp:term":[{"taxonomy":"product_brand","embeddable":true,"href":"https:\/\/mesbisous.com\/tr\/wp-json\/wp\/v2\/product_brand?post=1448"},{"taxonomy":"product_cat","embeddable":true,"href":"https:\/\/mesbisous.com\/tr\/wp-json\/wp\/v2\/product_cat?post=1448"},{"taxonomy":"product_tag","embeddable":true,"href":"https:\/\/mesbisous.com\/tr\/wp-json\/wp\/v2\/product_tag?post=1448"}],"curies":[{"name":"wp","href":"https:\/\/api.w.org\/{rel}","templated":true}]}}